{"id":30837,"date":"2025-06-09T13:47:13","date_gmt":"2025-06-09T13:47:13","guid":{"rendered":"https:\/\/pilarcontreras.cat\/politica-de-reembolsos-y-devoluciones\/"},"modified":"2025-12-01T18:41:34","modified_gmt":"2025-12-01T18:41:34","slug":"politica-de-reembolsos-y-devoluciones","status":"publish","type":"page","link":"https:\/\/pilarcontreras.cat\/es\/politica-de-reembolsos-y-devoluciones\/","title":{"rendered":"Pol\u00edtica de reembolsos y devoluciones"},"content":{"rendered":"\t\t<div data-elementor-type=\"wp-page\" data-elementor-id=\"30837\" class=\"elementor elementor-30837 elementor-25419\" data-elementor-post-type=\"page\">\n\t\t\t\t<div class=\"elementor-element elementor-element-23d7f203 e-flex e-con-boxed e-con e-parent\" data-id=\"23d7f203\" data-element_type=\"container\" data-e-type=\"container\">\n\t\t\t\t\t<div class=\"e-con-inner\">\n\t\t\t\t<div class=\"elementor-element elementor-element-5ccd0e86 elementor-widget elementor-widget-text-editor\" data-id=\"5ccd0e86\" data-element_type=\"widget\" data-e-type=\"widget\" data-widget_type=\"text-editor.default\">\n\t\t\t\t<div class=\"elementor-widget-container\">\n\t\t\t\t\t\t\t\t\t<p><strong>Pol\u00edtica de Reembolso<\/strong><\/p>\n<p>Esta pol\u00edtica de reembolsos establece las condiciones y t\u00e9rminos para solicitar reembolsos en nuestro sitio web <em><strong>pilarcontreras.cat<\/strong><\/em> . El t\u00e9rmino \u00abnosotros\u00bb o \u00abel Titular\u00bb se refiere al propietario del sitio web. <\/p>\n<p>Podr\u00e1 cancelar o modificar la fecha de su reserva sin cargo alguno hasta 24 horas antes de la reserva.<\/p>\n<p>Cambios sujetos a disponibilidad horaria.  <\/p>\n<p>La no asistencia o llegada con m\u00e1s de 15 minutos de retraso sin previo aviso se considerar\u00e1 una cancelaci\u00f3n fuera del plazo establecido, perdiendo la reserva  <\/p>\n<p> <\/p>\n<p>Superado este plazo, no ser\u00e1 posible realizar cambios.<\/p>\n<p>Cambios sujetos a disponibilidad. Para cambiar el n\u00famero de comensales, deber\u00e1 cancelar su reserva y realizar una nueva. <\/p>\n<p>La no asistencia o llegada con m\u00e1s de 15 minutos de retraso sin previo aviso se considerar\u00e1 una cancelaci\u00f3n fuera del plazo establecido, perdiendo la reserva y aplicando una penalizaci\u00f3n del total del dinero pagado en el caso de eventos previo pago.<\/p>\n<p><strong>Condiciones para Reservas con Vale Regalo:<\/strong><br> En las reservas con vale regalo, la no asistencia se considerar\u00e1 el vale regalo \u00edntegro como consumido, perdiendo el derecho a utilizarlo en futuras reservas.<\/p>\n<p><strong>Condiciones por Cancelaci\u00f3n de Eventos y Reservas con Dep\u00f3sitos:<\/strong><br> Podr\u00e1 cancelar o modificar la fecha de su reserva sin cargo alguno hasta 24 horas antes de la reserva.<\/p>\n<p>La no asistencia o llegada con m\u00e1s de 15 minutos de retraso sin previo aviso se considerar\u00e1 una cancelaci\u00f3n fuera del plazo establecido, perdiendo la reserva y aplicando una penalizaci\u00f3n del total del dinero pagado en el caso de eventos previo pago.<\/p>\n<p><strong>Validez de Cheques Regalo:<\/strong><br> La validez de los cheques regalo es de 6 meses a partir de la fecha de compra.<\/p>\n<p>Si se presenta o cancela la reserva con menos de 12 horas de antelaci\u00f3n, el bono regalo se considerar\u00e1 consumido.<\/p>\n<p><strong>Cambios y Anulaciones de Compras:<\/strong><br> Para cualquier cambio o anulaci\u00f3n de la compra dispone de 7 d\u00edas naturales a partir de la finalizaci\u00f3n de la compra para solicitar el reembolso.<\/p>\n<p>Nos reservamos el derecho a modificar esta pol\u00edtica de reembolsos para adaptarla a cambios legislativos o pr\u00e1cticas de la industria. Se recomienda revisar peri\u00f3dicamente esta p\u00e1gina para estar al corriente de las actualizaciones. <\/p>\n<p>El comercio es responsable y conoce la legislaci\u00f3n vigente de los pa\u00edses a los que env\u00eda los productos o realiza sus servicios.<br> El titular de la tarjeta tiene conocimiento y acepta las condiciones establecidas por el comercio.<\/p>\t\t\t\t\t\t\t\t<\/div>\n\t\t\t\t<\/div>\n\t\t\t\t\t<\/div>\n\t\t\t\t<\/div>\n\t\t\t\t<\/div>\n\t\t","protected":false},"excerpt":{"rendered":"<p>Pol\u00edtica de Reembolso Esta pol\u00edtica de reembolsos establece las condiciones y t\u00e9rminos para solicitar reembolsos en nuestro sitio web pilarcontreras.cat . El t\u00e9rmino \u00abnosotros\u00bb o \u00abel Titular\u00bb se refiere al propietario del sitio web. Podr\u00e1 cancelar o modificar la fecha de su reserva sin cargo alguno hasta 24 horas antes de la reserva. Cambios sujetos [&hellip;]<\/p>\n","protected":false},"author":1,"featured_media":0,"parent":0,"menu_order":0,"comment_status":"closed","ping_status":"closed","template":"","meta":{"footnotes":""},"class_list":["post-30837","page","type-page","status-publish","hentry"],"_links":{"self":[{"href":"https:\/\/pilarcontreras.cat\/es\/wp-json\/wp\/v2\/pages\/30837","targetHints":{"allow":["GET"]}}],"collection":[{"href":"https:\/\/pilarcontreras.cat\/es\/wp-json\/wp\/v2\/pages"}],"about":[{"href":"https:\/\/pilarcontreras.cat\/es\/wp-json\/wp\/v2\/types\/page"}],"author":[{"embeddable":true,"href":"https:\/\/pilarcontreras.cat\/es\/wp-json\/wp\/v2\/users\/1"}],"replies":[{"embeddable":true,"href":"https:\/\/pilarcontreras.cat\/es\/wp-json\/wp\/v2\/comments?post=30837"}],"version-history":[{"count":1,"href":"https:\/\/pilarcontreras.cat\/es\/wp-json\/wp\/v2\/pages\/30837\/revisions"}],"predecessor-version":[{"id":30838,"href":"https:\/\/pilarcontreras.cat\/es\/wp-json\/wp\/v2\/pages\/30837\/revisions\/30838"}],"wp:attachment":[{"href":"https:\/\/pilarcontreras.cat\/es\/wp-json\/wp\/v2\/media?parent=30837"}],"curies":[{"name":"wp","href":"https:\/\/api.w.org\/{rel}","templated":true}]}}