{"id":30846,"date":"2025-10-07T14:10:03","date_gmt":"2025-10-07T14:10:03","guid":{"rendered":"https:\/\/pilarcontreras.cat\/ringana\/"},"modified":"2026-04-01T10:13:55","modified_gmt":"2026-04-01T10:13:55","slug":"ringana","status":"publish","type":"page","link":"https:\/\/pilarcontreras.cat\/es\/ringana\/","title":{"rendered":"Ringana"},"content":{"rendered":"\t\t<div data-elementor-type=\"wp-page\" data-elementor-id=\"30846\" class=\"elementor elementor-30846 elementor-28808\" data-elementor-post-type=\"page\">\n\t\t\t\t<div class=\"elementor-element elementor-element-8c9bd1d e-con-full e-flex e-con e-parent\" data-id=\"8c9bd1d\" data-element_type=\"container\" data-e-type=\"container\" data-settings=\"{&quot;background_background&quot;:&quot;classic&quot;}\">\n\t\t<div class=\"elementor-element elementor-element-c0ad9bf e-con-full e-flex e-con e-child\" data-id=\"c0ad9bf\" data-element_type=\"container\" data-e-type=\"container\" data-settings=\"{&quot;background_background&quot;:&quot;classic&quot;}\">\n\t\t\t\t<div class=\"elementor-element elementor-element-6fc24af elementor-widget elementor-widget-heading\" data-id=\"6fc24af\" data-element_type=\"widget\" data-e-type=\"widget\" data-widget_type=\"heading.default\">\n\t\t\t\t<div class=\"elementor-widget-container\">\n\t\t\t\t\t<h2 class=\"elementor-heading-title elementor-size-default\">VIVE UNA VIDA<\/h2>\t\t\t\t<\/div>\n\t\t\t\t<\/div>\n\t\t\t\t<div class=\"elementor-element elementor-element-3983f32 elementor-widget__width-initial elementor-widget elementor-widget-heading\" data-id=\"3983f32\" data-element_type=\"widget\" data-e-type=\"widget\" data-widget_type=\"heading.default\">\n\t\t\t\t<div class=\"elementor-widget-container\">\n\t\t\t\t\t<h2 class=\"elementor-heading-title elementor-size-default\">EQUILIBRADA<\/h2>\t\t\t\t<\/div>\n\t\t\t\t<\/div>\n\t\t\t\t<\/div>\n\t\t<div class=\"elementor-element elementor-element-4d4998b e-con-full e-flex e-con e-child\" data-id=\"4d4998b\" data-element_type=\"container\" data-e-type=\"container\">\n\t\t\t\t<\/div>\n\t\t\t\t<\/div>\n\t\t<div class=\"elementor-element elementor-element-5dd15da e-con-full e-flex e-con e-parent\" data-id=\"5dd15da\" data-element_type=\"container\" data-e-type=\"container\" data-settings=\"{&quot;background_background&quot;:&quot;classic&quot;}\">\n\t\t<div class=\"elementor-element elementor-element-63e1ee2 e-con-full m_color_barra_gran e-flex e-con e-child\" data-id=\"63e1ee2\" data-element_type=\"container\" data-e-type=\"container\" data-settings=\"{&quot;background_background&quot;:&quot;classic&quot;}\">\n\t\t\t\t<div class=\"elementor-element elementor-element-2ae69c6 mobil_sota_troquel elementor-widget elementor-widget-text-editor\" data-id=\"2ae69c6\" data-element_type=\"widget\" data-e-type=\"widget\" data-widget_type=\"text-editor.default\">\n\t\t\t\t<div class=\"elementor-widget-container\">\n\t\t\t\t\t\t\t\t\t<p>RINGANA<\/p>\t\t\t\t\t\t\t\t<\/div>\n\t\t\t\t<\/div>\n\t\t\t\t<\/div>\n\t\t\t\t<\/div>\n\t\t<div class=\"elementor-element elementor-element-a24887f e-flex e-con-boxed e-con e-parent\" data-id=\"a24887f\" data-element_type=\"container\" data-e-type=\"container\">\n\t\t\t\t\t<div class=\"e-con-inner\">\n\t\t\t\t<div class=\"elementor-element elementor-element-e4567ad elementor-widget__width-initial elementor-widget elementor-widget-text-editor\" data-id=\"e4567ad\" data-element_type=\"widget\" data-e-type=\"widget\" data-widget_type=\"text-editor.default\">\n\t\t\t\t<div class=\"elementor-widget-container\">\n\t\t\t\t\t\t\t\t\t<p data-start=\"170\" data-end=\"464\">Como Nutricionista Ayurveda especializada en alimentaci\u00f3n org\u00e1nica y consciente, creo firmemente que lo que ponemos en la piel es tan importante como lo que comemos. Por eso elijo productos frescos, naturales y libres de t\u00f3xicos, que nutren el cuerpo desde el exterior hacia el interior. <\/p><p data-start=\"466\" data-end=\"707\">Formar parte del equipo RINGANA es una expresi\u00f3n de mi compromiso con un estilo de vida saludable, coherente y en armon\u00eda con la filosof\u00eda ayurveda. Cada elecci\u00f3n consciente que hacemos tiene un impacto directo en nuestro bienestar: cuerpo, mente y piel. <\/p><p data-start=\"709\" data-end=\"1017\">Si quieres aprender a cuidar tu piel de forma natural y vivir una experiencia de cuidado consciente -con cosm\u00e9tica fresca, complementos responsables y valores de pureza, coherencia y respeto por las personas, los animales y la naturaleza-, te acompa\u00f1ar\u00e9 encantada en este camino. Escr\u00edbeme y s\u00famate a esta hermosa comunidad. <\/p>\t\t\t\t\t\t\t\t<\/div>\n\t\t\t\t<\/div>\n\t\t\t\t<div class=\"elementor-element elementor-element-b5d7042 elementor-pagination-position-outside elementor-widget elementor-widget-image-carousel\" data-id=\"b5d7042\" data-element_type=\"widget\" data-e-type=\"widget\" data-settings=\"{&quot;slides_to_show&quot;:&quot;1&quot;,&quot;navigation&quot;:&quot;dots&quot;,&quot;effect&quot;:&quot;fade&quot;,&quot;speed&quot;:450,&quot;autoplay&quot;:&quot;yes&quot;,&quot;pause_on_hover&quot;:&quot;yes&quot;,&quot;pause_on_interaction&quot;:&quot;yes&quot;,&quot;autoplay_speed&quot;:5000,&quot;infinite&quot;:&quot;yes&quot;}\" data-widget_type=\"image-carousel.default\">\n\t\t\t\t<div class=\"elementor-widget-container\">\n\t\t\t\t\t\t\t<div class=\"elementor-image-carousel-wrapper swiper\" role=\"region\" aria-roledescription=\"carousel\" aria-label=\"Carrusel d&#039;imatges\" dir=\"ltr\">\n\t\t\t<div class=\"elementor-image-carousel swiper-wrapper\" aria-live=\"off\">\n\t\t\t\t\t\t\t\t<div class=\"swiper-slide\" role=\"group\" aria-roledescription=\"slide\" aria-label=\"1 de 4\"><figure class=\"swiper-slide-inner\"><img decoding=\"async\" class=\"swiper-slide-image\" src=\"https:\/\/pilarcontreras.cat\/wp-content\/uploads\/2025\/12\/ringana-products.webp\" alt=\"ringana-products\" \/><\/figure><\/div><div class=\"swiper-slide\" role=\"group\" aria-roledescription=\"slide\" aria-label=\"2 de 4\"><figure class=\"swiper-slide-inner\"><img decoding=\"async\" class=\"swiper-slide-image\" src=\"https:\/\/pilarcontreras.cat\/wp-content\/uploads\/2025\/11\/ringana-productes.webp\" alt=\"ringana-productos\" \/><\/figure><\/div><div class=\"swiper-slide\" role=\"group\" aria-roledescription=\"slide\" aria-label=\"3 de 4\"><figure class=\"swiper-slide-inner\"><img decoding=\"async\" class=\"swiper-slide-image\" src=\"https:\/\/pilarcontreras.cat\/wp-content\/uploads\/2025\/11\/ringana.jpg\" alt=\"ringana\" \/><\/figure><\/div><div class=\"swiper-slide\" role=\"group\" aria-roledescription=\"slide\" aria-label=\"4 de 4\"><figure class=\"swiper-slide-inner\"><img decoding=\"async\" class=\"swiper-slide-image\" src=\"https:\/\/pilarcontreras.cat\/wp-content\/uploads\/2026\/02\/ringana-pots.png\" alt=\"ringana-botes\" \/><\/figure><\/div>\t\t\t<\/div>\n\t\t\t\t\t\t\t\n\t\t\t\t\t\t\t\t\t<div class=\"swiper-pagination\"><\/div>\n\t\t\t\t\t\t\t\t\t<\/div>\n\t\t\t\t\t\t<\/div>\n\t\t\t\t<\/div>\n\t\t\t\t<div class=\"elementor-element elementor-element-91e22c0 elementor-widget elementor-widget-heading\" data-id=\"91e22c0\" data-element_type=\"widget\" data-e-type=\"widget\" data-widget_type=\"heading.default\">\n\t\t\t\t<div class=\"elementor-widget-container\">\n\t\t\t\t\t<h2 class=\"elementor-heading-title elementor-size-default\">Cosm\u00e9tica \u00fanica y fresca libre de t\u00f3xicos<\/h2>\t\t\t\t<\/div>\n\t\t\t\t<\/div>\n\t\t\t\t<div class=\"elementor-element elementor-element-a856c54 elementor-widget elementor-widget-text-editor\" data-id=\"a856c54\" data-element_type=\"widget\" data-e-type=\"widget\" data-widget_type=\"text-editor.default\">\n\t\t\t\t<div class=\"elementor-widget-container\">\n\t\t\t\t\t\t\t\t\t<h2>Frescura, Excelencia e Innovaci\u00f3n:<\/h2><h2>desde hace 30 a\u00f1os, RINGANA marca el camino en cosm\u00e9tica y complementos alimenticios.<\/h2><div data-v-876c09bb=\"\" data-v-fb0bbb69=\"\"><div data-v-876c09bb=\"\"> <\/div><h3>Productos<\/h3><p>Frescos, efectivos, veganos, naturales: los productos de RINGANA combinan la innovaci\u00f3n con el poder puro de las plantas. Sin concesiones, con total transparencia y con la m\u00e1xima eficacia. <\/p><\/div><div data-v-fb0bbb69=\"\" data-v-772d8110=\"\"><div data-v-876c09bb=\"\" data-v-fb0bbb69=\"\"><div data-v-876c09bb=\"\"><div data-v-876c09bb=\"\"> <\/div><h3>Sostenibilidad<\/h3><\/div><div data-v-876c09bb=\"\">La sostenibilidad no es un ideal lejano, sino una realidad que vivimos d\u00eda a d\u00eda, las 24 horas.<\/div><\/div><div data-v-876c09bb=\"\" data-v-fb0bbb69=\"\"><div data-v-876c09bb=\"\"><div data-v-876c09bb=\"\"> <\/div><h3>Acerca de Ringana<\/h3><div id=\"tw-container\" data-cp=\"1\" data-nnttsvi=\"1\" data-sletp=\"false\" data-sm=\"1\" data-ssbp=\"false\" data-sugg-time=\"500\" data-sugg-url=\"https:\/\/clients1.google.com\/complete\/search\" data-uilc=\"ca\" data-vil=\",af,af-ZA,am,am-ET,ar-EG,ar-AE,ar-KW,ar-QA,ar,ar-IL,ar-JO,ar-LB,ar-PS,az,az-AZ,bg,bg-BG,bn,bn-BD,bn-IN,ca,ca-es,cs,cs-CZ,de,de-DE,de-CH,de-AT,de-LI,en,en-US,en-CA,en-AU,en-NZ,en-GB,en-IN,en-KE,en-TZ,en-NG,en-GH,en-PH,en-ZA,es,es-ES,es-AR,es-UY,es-419,es-BO,es-CL,es-CR,es-CO,es-DO,es-EC,es-GT,es-HN,es-NI,es-PA,es-PE,es-PR,es-PY,es-SV,es-VE,es-MX,es-US,eu,eu-ES,fi,fi-FI,fr,fr-FR,fr-CH,fr-BE,gl,gl-ES,gu,gu-IN,he,he-IL,iw,iw-IL,hu,hu-HU,hy,hy-AM,id,id-ID,is,is-IS,it,it-IT,it-CH,ja,ja-JP,jv,jv-ID,ka,ka-GE,km,km-KH,kn,kn-IN,ko,ko-KR,la,lo,lo-LA,lv,lv-LV,ml,ml-IN,mr,mr-IN,ms,ms-MY,nl,nl-NL,nb,nb-NO,ne,ne-NP,pl,pl-PL,pt,pt-BR,pt-PT,ro,ro-RO,ru,ru-RU,si-LK,sk,sk-SK,sr,sr-RS,su,su-ID,sv,sv-SE,sw,sw-TZ,sw-KE,ta,ta-IN,ta-SG,ta-LK,ta-MY,te,te-IN,tr,tr-TR,ur,ur-PK,ur-IN,yue,yue-HK,yue-Hant-HK,zh-HK,zh,zh-CN,zh-cmn,zh-cmn-CN,zh-Hans,zh-Hans-CN,zh-cmn-Hans,zh-cmn-Hans-CN,cmn-CN,cmn-Hans,cmn-Hans-CN,zh-TW,zh-Hant-TW,cmn-TW,cmn-Hant-TW,zh-cmn-TW,zh-cmn-Hant-TW,zu,zu-ZA,hi,hi-IN,tl,tl-PH,pa,pa-IN\"><div id=\"tw-ob\"><div id=\"tw-target\"><div id=\"kAz1tf\" data-attrid=\"tw-targetArea\" data-entityname=\"Google Translate\"><div id=\"tw-target-text-container\" tabindex=\"0\" role=\"text\"><p data-start=\"48\" data-end=\"196\">De fan a socio\/a: recomendar tus productos favoritos puede convertirse en el inicio de tu propio negocio, de forma sencilla, flexible y aut\u00e9ntica.<\/p><p data-start=\"198\" data-end=\"300\" data-is-last-node=\"\" data-is-only-node=\"\">Si quieres m\u00e1s informaci\u00f3n, escr\u00edbeme por correo electr\u00f3nico o por WhatsApp y te contar\u00e9 todos los detalles.<\/p><\/div><\/div><\/div><\/div><\/div><\/div><\/div><\/div>\t\t\t\t\t\t\t\t<\/div>\n\t\t\t\t<\/div>\n\t\t\t\t<div class=\"elementor-element elementor-element-4c8b712 elementor-widget elementor-widget-image\" data-id=\"4c8b712\" data-element_type=\"widget\" data-e-type=\"widget\" data-widget_type=\"image.default\">\n\t\t\t\t<div class=\"elementor-widget-container\">\n\t\t\t\t\t\t\t\t\t\t\t\t\t\t\t<img fetchpriority=\"high\" decoding=\"async\" width=\"1920\" height=\"1280\" src=\"https:\/\/pilarcontreras.cat\/wp-content\/uploads\/2026\/02\/ringana-women.webp\" class=\"attachment-full size-full wp-image-31046\" alt=\"\" srcset=\"https:\/\/pilarcontreras.cat\/wp-content\/uploads\/2026\/02\/ringana-women.webp 1920w, https:\/\/pilarcontreras.cat\/wp-content\/uploads\/2026\/02\/ringana-women-300x200.webp 300w, https:\/\/pilarcontreras.cat\/wp-content\/uploads\/2026\/02\/ringana-women-1024x683.webp 1024w, https:\/\/pilarcontreras.cat\/wp-content\/uploads\/2026\/02\/ringana-women-768x512.webp 768w, https:\/\/pilarcontreras.cat\/wp-content\/uploads\/2026\/02\/ringana-women-1536x1024.webp 1536w, https:\/\/pilarcontreras.cat\/wp-content\/uploads\/2026\/02\/ringana-women-600x400.webp 600w\" sizes=\"(max-width: 1920px) 100vw, 1920px\" \/>\t\t\t\t\t\t\t\t\t\t\t\t\t\t\t<\/div>\n\t\t\t\t<\/div>\n\t\t\t\t<div class=\"elementor-element elementor-element-73b9ba9 elementor-widget elementor-widget-heading\" data-id=\"73b9ba9\" data-element_type=\"widget\" data-e-type=\"widget\" data-widget_type=\"heading.default\">\n\t\t\t\t<div class=\"elementor-widget-container\">\n\t\t\t\t\t<h2 class=\"elementor-heading-title elementor-size-default\"><a href=\"https:\/\/pilarcontreras.ringana.com\/iniciar-sesion\/?lang=es\">Hazte cliente\/ay consigue un vale de 5 euros de descuento<\/a><\/h2>\t\t\t\t<\/div>\n\t\t\t\t<\/div>\n\t\t\t\t<div class=\"elementor-element elementor-element-82eda80 elementor-align-center elementor-widget elementor-widget-button\" data-id=\"82eda80\" data-element_type=\"widget\" data-e-type=\"widget\" data-widget_type=\"button.default\">\n\t\t\t\t<div class=\"elementor-widget-container\">\n\t\t\t\t\t\t\t\t\t<div class=\"elementor-button-wrapper\">\n\t\t\t\t\t<a class=\"elementor-button elementor-button-link elementor-size-sm\" href=\"https:\/\/pilarcontreras.ringana.com\/iniciar-sesion\/?lang=es\" target=\"_blank\">\n\t\t\t\t\t\t<span class=\"elementor-button-content-wrapper\">\n\t\t\t\t\t\t\t\t\t<span class=\"elementor-button-text\">reg\u00edstrate aqu\u00ed<\/span>\n\t\t\t\t\t<\/span>\n\t\t\t\t\t<\/a>\n\t\t\t\t<\/div>\n\t\t\t\t\t\t\t\t<\/div>\n\t\t\t\t<\/div>\n\t\t\t\t<div class=\"elementor-element elementor-element-9a3640e elementor-widget elementor-widget-heading\" data-id=\"9a3640e\" data-element_type=\"widget\" data-e-type=\"widget\" data-widget_type=\"heading.default\">\n\t\t\t\t<div class=\"elementor-widget-container\">\n\t\t\t\t\t<h2 class=\"elementor-heading-title elementor-size-default\"><a href=\"https:\/\/pilarcontreras.cat\/es\/contacta_pilar\/\">Ap\u00fantate a los talleres mensuales de rutina facial gratuitos<\/a><\/h2>\t\t\t\t<\/div>\n\t\t\t\t<\/div>\n\t\t\t\t<div class=\"elementor-element elementor-element-a296bd2 elementor-widget elementor-widget-heading\" data-id=\"a296bd2\" data-element_type=\"widget\" data-e-type=\"widget\" data-widget_type=\"heading.default\">\n\t\t\t\t<div class=\"elementor-widget-container\">\n\t\t\t\t\t<h2 class=\"elementor-heading-title elementor-size-default\">cont\u00e1ctame por correo o v\u00eda whatsapp<\/h2>\t\t\t\t<\/div>\n\t\t\t\t<\/div>\n\t\t\t\t<div class=\"elementor-element elementor-element-157b83c elementor-widget elementor-widget-text-editor\" data-id=\"157b83c\" data-element_type=\"widget\" data-e-type=\"widget\" data-widget_type=\"text-editor.default\">\n\t\t\t\t<div class=\"elementor-widget-container\">\n\t\t\t\t\t\t\t\t\t<div class=\"BioSite-components-BodySections-Links-Layouts-Buttons-Buttons__textContainer--ngiWp\" data-cy=\"link-text-container\"><div class=\"BioSite-components-BodySections-Links-Layouts-Buttons-Buttons__text--xnYKz\" style=\"text-align: center;\" data-cy=\"link-text\"><h4 id=\"tw-target-text\" class=\"tw-data-text tw-text-large tw-ta\" dir=\"ltr\" tabindex=\"-1\" role=\"text\" data-placeholder=\"Traducci\u00f3\" data-ved=\"2ahUKEwjk3qX4_-6QAxUnWUEAHYtdIvcQ3ewLegQICxAV\" aria-label=\"Text tradu\u00eft: Filosofia Ringana  Tots els productes de Ringana  Ofertes i promocions especials  El programa de sostenibilitat de Ringana\"><span lang=\"ca\"><a href=\"https:\/\/pilarcontreras.ringana.com\/ringana-values\/\">Filosof\u00eda Ringana  <\/a><\/span><\/h4><h4 class=\"tw-data-text tw-text-large tw-ta\" dir=\"ltr\" tabindex=\"-1\" role=\"text\" data-placeholder=\"Traducci\u00f3\" data-ved=\"2ahUKEwjk3qX4_-6QAxUnWUEAHYtdIvcQ3ewLegQICxAV\" aria-label=\"Text tradu\u00eft: Filosofia Ringana  Tots els productes de Ringana  Ofertes i promocions especials  El programa de sostenibilitat de Ringana\"><span lang=\"ca\"><a href=\"https:\/\/pilarcontreras.ringana.com\/todos-los-productos\/?lang=es\">Todos los productos de Ringana  <\/a><\/span><span class=\"Y2IQFc\" lang=\"ca\"><br><\/span><\/h4><\/div><\/div>\t\t\t\t\t\t\t\t<\/div>\n\t\t\t\t<\/div>\n\t\t\t\t\t<\/div>\n\t\t\t\t<\/div>\n\t\t<div class=\"elementor-element elementor-element-7c3e339 e-flex e-con-boxed e-con e-parent\" data-id=\"7c3e339\" data-element_type=\"container\" data-e-type=\"container\">\n\t\t\t\t\t<div class=\"e-con-inner\">\n\t\t\t\t<div class=\"elementor-element elementor-element-78d9891 elementor-widget__width-initial elementor-widget elementor-widget-image\" data-id=\"78d9891\" data-element_type=\"widget\" data-e-type=\"widget\" data-widget_type=\"image.default\">\n\t\t\t\t<div class=\"elementor-widget-container\">\n\t\t\t\t\t\t\t\t\t\t\t\t\t\t\t<img decoding=\"async\" width=\"116\" height=\"71\" src=\"https:\/\/pilarcontreras.cat\/wp-content\/uploads\/2025\/11\/logo-ringana-partner.svg\" class=\"attachment-large size-large wp-image-30847\" alt=\"\" \/>\t\t\t\t\t\t\t\t\t\t\t\t\t\t\t<\/div>\n\t\t\t\t<\/div>\n\t\t\t\t\t<\/div>\n\t\t\t\t<\/div>\n\t\t\t\t<\/div>\n\t\t","protected":false},"excerpt":{"rendered":"<p>VIVE UNA VIDA EQUILIBRADA RINGANA Como Nutricionista Ayurveda especializada en alimentaci\u00f3n org\u00e1nica y consciente, creo firmemente que lo que ponemos en la piel es tan importante como lo que comemos. Por eso elijo productos frescos, naturales y libres de t\u00f3xicos, que nutren el cuerpo desde el exterior hacia el interior. Formar parte del equipo RINGANA [&hellip;]<\/p>\n","protected":false},"author":2,"featured_media":25078,"parent":0,"menu_order":0,"comment_status":"closed","ping_status":"closed","template":"elementor_header_footer","meta":{"footnotes":""},"class_list":["post-30846","page","type-page","status-publish","has-post-thumbnail","hentry"],"_links":{"self":[{"href":"https:\/\/pilarcontreras.cat\/es\/wp-json\/wp\/v2\/pages\/30846","targetHints":{"allow":["GET"]}}],"collection":[{"href":"https:\/\/pilarcontreras.cat\/es\/wp-json\/wp\/v2\/pages"}],"about":[{"href":"https:\/\/pilarcontreras.cat\/es\/wp-json\/wp\/v2\/types\/page"}],"author":[{"embeddable":true,"href":"https:\/\/pilarcontreras.cat\/es\/wp-json\/wp\/v2\/users\/2"}],"replies":[{"embeddable":true,"href":"https:\/\/pilarcontreras.cat\/es\/wp-json\/wp\/v2\/comments?post=30846"}],"version-history":[{"count":4,"href":"https:\/\/pilarcontreras.cat\/es\/wp-json\/wp\/v2\/pages\/30846\/revisions"}],"predecessor-version":[{"id":31048,"href":"https:\/\/pilarcontreras.cat\/es\/wp-json\/wp\/v2\/pages\/30846\/revisions\/31048"}],"wp:featuredmedia":[{"embeddable":true,"href":"https:\/\/pilarcontreras.cat\/es\/wp-json\/wp\/v2\/media\/25078"}],"wp:attachment":[{"href":"https:\/\/pilarcontreras.cat\/es\/wp-json\/wp\/v2\/media?parent=30846"}],"curies":[{"name":"wp","href":"https:\/\/api.w.org\/{rel}","templated":true}]}}