{"id":30854,"date":"2025-04-19T11:27:40","date_gmt":"2025-04-19T11:27:40","guid":{"rendered":"https:\/\/pilarcontreras.cat\/politica-de-privacidad\/"},"modified":"2025-12-01T18:42:05","modified_gmt":"2025-12-01T18:42:05","slug":"politica-de-privacidad","status":"publish","type":"page","link":"https:\/\/pilarcontreras.cat\/es\/politica-de-privacidad\/","title":{"rendered":"POL\u00cdTICA DE PRIVACIDAD"},"content":{"rendered":"\t\t<div data-elementor-type=\"wp-page\" data-elementor-id=\"30854\" class=\"elementor elementor-30854 elementor-25029\" data-elementor-post-type=\"page\">\n\t\t\t\t<div class=\"elementor-element elementor-element-d27df43 e-flex e-con-boxed e-con e-parent\" data-id=\"d27df43\" data-element_type=\"container\" data-e-type=\"container\">\n\t\t\t\t\t<div class=\"e-con-inner\">\n\t\t\t\t<div class=\"elementor-element elementor-element-74c60be elementor-widget elementor-widget-text-editor\" data-id=\"74c60be\" data-element_type=\"widget\" data-e-type=\"widget\" data-widget_type=\"text-editor.default\">\n\t\t\t\t<div class=\"elementor-widget-container\">\n\t\t\t\t\t\t\t\t\t<h2 style=\"text-align: center;\" data-start=\"287\" data-end=\"312\">Aviso Legal  <\/h2><p style=\"text-align: center;\">y  <\/p><h2 style=\"text-align: center;\" data-start=\"287\" data-end=\"312\">Pol\u00edtica de privacidad<\/h2><p data-start=\"314\" data-end=\"362\"><strong data-start=\"314\" data-end=\"362\">\u00daltima actualizaci\u00f3n: [15 de julio de 2025]<\/strong><\/p><p data-start=\"364\" data-end=\"669\">En <strong data-start=\"366\" data-end=\"388\">pilarcontreras.cat<\/strong> , nos comprometemos a proteger tu privacidad ya garantizar que tus datos personales sean tratados de forma l\u00edcita, leal y transparente. Esta pol\u00edtica explica c\u00f3mo recogemos, utilizamos y protegemos la informaci\u00f3n personal que puedas proporcionarnos a trav\u00e9s del sitio web. <\/p><h3 data-start=\"671\" data-end=\"704\">1. Responsable del tratamiento<\/h3><p data-start=\"705\" data-end=\"962\"><strong data-start=\"705\" data-end=\"719\">Identidad:<\/strong> Pilar Contreras<br data-start=\"735\" data-end=\"738\"> <strong data-start=\"738\" data-end=\"746\">Web:<\/strong> <a class=\"\" href=\"https:\/\/www.pilarcontreras.cat\" target=\"_new\" rel=\"noopener\" data-start=\"747\" data-end=\"803\">www.pilarcontreras.cat<\/a><br data-start=\"803\" data-end=\"806\"> <strong data-start=\"806\" data-end=\"840\">Correo electr\u00f3nico de contacto:<\/strong> [info <a class=\"cursor-pointer\" rel=\"noopener\">@pilarcontreras.cat<\/a> ]<br data-start=\"860\" data-end=\"863\"> <strong data-start=\"863\" data-end=\"890\">Finalidad del sitio web:<\/strong> Servicios de aiurveda<\/p><h3 data-start=\"964\" data-end=\"989\">2. Datos que recogemos<\/h3><p data-start=\"990\" data-end=\"1038\">Los datos personales que podemos recoger incluyen:<\/p><ul data-start=\"1039\" data-end=\"1214\"><li data-start=\"1039\" data-end=\"1054\"><p data-start=\"1041\" data-end=\"1054\">Nombre y apellidos<\/p><\/li><li data-start=\"1055\" data-end=\"1074\"><p data-start=\"1057\" data-end=\"1074\">Correo electr\u00f3nico<\/p><\/li><li data-start=\"1075\" data-end=\"1101\"><p data-start=\"1077\" data-end=\"1101\">Tel\u00e9fono (si se facilita)<\/p><\/li><li data-start=\"1102\" data-end=\"1214\"><p data-start=\"1104\" data-end=\"1214\">Cualquier otra informaci\u00f3n que introduzcas voluntariamente en formularios de contacto, suscripci\u00f3n o comentarios<\/p><\/li><\/ul><p data-start=\"1216\" data-end=\"1254\">Estos datos se recogen mediante:<\/p><ul data-start=\"1255\" data-end=\"1396\"><li data-start=\"1255\" data-end=\"1279\"><p data-start=\"1257\" data-end=\"1279\">Formularios de contacto<\/p><\/li><li data-start=\"1280\" data-end=\"1308\"><p data-start=\"1282\" data-end=\"1308\">Suscripciones a boletines<\/p><\/li><li data-start=\"1309\" data-end=\"1396\"><p data-start=\"1311\" data-end=\"1396\">Cookies y tecnolog\u00edas similares (consulta la Pol\u00edtica de cookies para m\u00e1s informaci\u00f3n)<\/p><\/li><\/ul><h3 data-start=\"1398\" data-end=\"1429\">3. Finalidad del tratamiento<\/h3><p data-start=\"1430\" data-end=\"1465\">Tus datos se tratar\u00e1n para:<\/p><ul data-start=\"1466\" data-end=\"1669\"><li data-start=\"1466\" data-end=\"1542\"><p data-start=\"1468\" data-end=\"1542\">Responder consultas o mensajes enviados a trav\u00e9s del formulario de contacto<\/p><\/li><li data-start=\"1543\" data-end=\"1601\"><p data-start=\"1545\" data-end=\"1601\">Enviar comunicaciones informativas (si te has suscrito)<\/p><\/li><li data-start=\"1602\" data-end=\"1669\"><p data-start=\"1604\" data-end=\"1669\">Mejorar la experiencia de navegaci\u00f3n y analizar el uso del sitio web<\/p><\/li><\/ul><h3 data-start=\"1671\" data-end=\"1706\">4. Base legal para el tratamiento<\/h3><p data-start=\"1707\" data-end=\"1827\">Los datos se tratan sobre la base del <strong data-start=\"1746\" data-end=\"1762\">consentimiento<\/strong> expreso que das al enviar informaci\u00f3n mediante los formularios.<\/p><h3 data-start=\"1829\" data-end=\"1860\">5. Conservaci\u00f3n de los datos<\/h3><p data-start=\"1861\" data-end=\"2004\">Los datos se conservar\u00e1n s\u00f3lo durante el tiempo necesario para cumplir la finalidad por la que se recogieron o para cumplir obligaciones legales.<\/p><h3 data-start=\"2006\" data-end=\"2043\">6. Comunicaci\u00f3n de datos a terceros<\/h3><p data-start=\"2044\" data-end=\"2257\">No se comunicar\u00e1n datos a terceros, salvo obligaci\u00f3n legal o si es imprescindible para la prestaci\u00f3n de un servicio relacionado con este sitio web (por ejemplo, servicios de alojamiento web con acceso a datos t\u00e9cnicos).<\/p><h3 data-start=\"2259\" data-end=\"2296\">7. Derechos de las personas usuarias<\/h3><p data-start=\"2297\" data-end=\"2309\">Tienes derecho a:<\/p><ul data-start=\"2310\" data-end=\"2489\"><li data-start=\"2310\" data-end=\"2347\"><p data-start=\"2312\" data-end=\"2347\">Acceder a tus datos personales<\/p><\/li><li data-start=\"2348\" data-end=\"2376\"><p data-start=\"2350\" data-end=\"2376\">Rectificar datos inexactos<\/p><\/li><li data-start=\"2377\" data-end=\"2408\"><p data-start=\"2379\" data-end=\"2408\">Solicitar su supresi\u00f3n<\/p><\/li><li data-start=\"2409\" data-end=\"2435\"><p data-start=\"2411\" data-end=\"2435\">Limitar su tratamiento<\/p><\/li><li data-start=\"2436\" data-end=\"2461\"><p data-start=\"2438\" data-end=\"2461\">Oponerte al tratamiento<\/p><\/li><li data-start=\"2462\" data-end=\"2489\"><p data-start=\"2464\" data-end=\"2489\">Portabilidad de los datos<\/p><\/li><\/ul><p data-start=\"2491\" data-end=\"2604\">Puedes ejercitar estos derechos escribiendo a <strong data-start=\"2530\" data-end=\"2553\">[ <a class=\"cursor-pointer\" rel=\"noopener\">info@pilarconteras.cat<\/a> ]<\/strong> e indicando en el asunto: \u201cEjercicio de derechos RGPD\u201d.<\/p><h3 data-start=\"2606\" data-end=\"2633\">8. Medidas de seguridad<\/h3><p data-start=\"2634\" data-end=\"2749\">Implementamos medidas t\u00e9cnicas y organizativas para garantizar la seguridad y la confidencialidad de los datos personales.<\/p><h3 data-start=\"2751\" data-end=\"2784\">9. Cambios en esta pol\u00edtica<\/h3><p data-start=\"2785\" data-end=\"2922\">Nos reservamos el derecho a modificar esta pol\u00edtica para adaptarla a novedades legislativas o t\u00e9cnicas. Recomendamos revisarla peri\u00f3dicamente. <\/p>\t\t\t\t\t\t\t\t<\/div>\n\t\t\t\t<\/div>\n\t\t\t\t\t<\/div>\n\t\t\t\t<\/div>\n\t\t\t\t<\/div>\n\t\t","protected":false},"excerpt":{"rendered":"<p>Aviso Legal y Pol\u00edtica de privacidad \u00daltima actualizaci\u00f3n: [15 de julio de 2025] En pilarcontreras.cat , nos comprometemos a proteger tu privacidad ya garantizar que tus datos personales sean tratados de forma l\u00edcita, leal y transparente. Esta pol\u00edtica explica c\u00f3mo recogemos, utilizamos y protegemos la informaci\u00f3n personal que puedas proporcionarnos a trav\u00e9s del sitio web. [&hellip;]<\/p>\n","protected":false},"author":1,"featured_media":0,"parent":0,"menu_order":0,"comment_status":"closed","ping_status":"closed","template":"elementor_header_footer","meta":{"footnotes":""},"class_list":["post-30854","page","type-page","status-publish","hentry"],"_links":{"self":[{"href":"https:\/\/pilarcontreras.cat\/es\/wp-json\/wp\/v2\/pages\/30854","targetHints":{"allow":["GET"]}}],"collection":[{"href":"https:\/\/pilarcontreras.cat\/es\/wp-json\/wp\/v2\/pages"}],"about":[{"href":"https:\/\/pilarcontreras.cat\/es\/wp-json\/wp\/v2\/types\/page"}],"author":[{"embeddable":true,"href":"https:\/\/pilarcontreras.cat\/es\/wp-json\/wp\/v2\/users\/1"}],"replies":[{"embeddable":true,"href":"https:\/\/pilarcontreras.cat\/es\/wp-json\/wp\/v2\/comments?post=30854"}],"version-history":[{"count":3,"href":"https:\/\/pilarcontreras.cat\/es\/wp-json\/wp\/v2\/pages\/30854\/revisions"}],"predecessor-version":[{"id":30875,"href":"https:\/\/pilarcontreras.cat\/es\/wp-json\/wp\/v2\/pages\/30854\/revisions\/30875"}],"wp:attachment":[{"href":"https:\/\/pilarcontreras.cat\/es\/wp-json\/wp\/v2\/media?parent=30854"}],"curies":[{"name":"wp","href":"https:\/\/api.w.org\/{rel}","templated":true}]}}