{"id":25675,"date":"2025-01-01T10:00:34","date_gmt":"2025-01-01T10:00:34","guid":{"rendered":"https:\/\/pilarcontreras.cat\/?post_type=product&#038;p=25675"},"modified":"2026-03-20T10:41:08","modified_gmt":"2026-03-20T10:41:08","slug":"primera-consulta-de-nutricion-integral-ayurveda","status":"publish","type":"product","link":"https:\/\/pilarcontreras.cat\/es\/product\/primera-consulta-de-nutricion-integral-ayurveda\/","title":{"rendered":"Primera visita Nutrici\u00f3 Ayurveda"},"content":{"rendered":"<p>Avaluem h\u00e0bits alimentaris i creem una proposta de millora des d&#8217;una mirada hol\u00edstica i sostenible.<\/p>\n","protected":false},"excerpt":{"rendered":"<p>Avaluem h\u00e0bits alimentaris i creem una proposta de millora des d&#8217;una mirada hol\u00edstica i sostenible.<\/p>\n","protected":false},"featured_media":26109,"template":"","meta":[],"product_brand":[],"product_cat":[30,42],"product_tag":[],"giftcard-category":[],"class_list":{"0":"post-25675","1":"product","2":"type-product","3":"status-publish","4":"has-post-thumbnail","6":"product_cat-uncategorized","7":"product_cat-tallers","9":"first","10":"instock","11":"virtual","12":"purchasable","13":"product-type-simple"},"_links":{"self":[{"href":"https:\/\/pilarcontreras.cat\/es\/wp-json\/wp\/v2\/product\/25675","targetHints":{"allow":["GET"]}}],"collection":[{"href":"https:\/\/pilarcontreras.cat\/es\/wp-json\/wp\/v2\/product"}],"about":[{"href":"https:\/\/pilarcontreras.cat\/es\/wp-json\/wp\/v2\/types\/product"}],"wp:featuredmedia":[{"embeddable":true,"href":"https:\/\/pilarcontreras.cat\/es\/wp-json\/wp\/v2\/media\/26109"}],"wp:attachment":[{"href":"https:\/\/pilarcontreras.cat\/es\/wp-json\/wp\/v2\/media?parent=25675"}],"wp:term":[{"taxonomy":"product_brand","embeddable":true,"href":"https:\/\/pilarcontreras.cat\/es\/wp-json\/wp\/v2\/product_brand?post=25675"},{"taxonomy":"product_cat","embeddable":true,"href":"https:\/\/pilarcontreras.cat\/es\/wp-json\/wp\/v2\/product_cat?post=25675"},{"taxonomy":"product_tag","embeddable":true,"href":"https:\/\/pilarcontreras.cat\/es\/wp-json\/wp\/v2\/product_tag?post=25675"},{"taxonomy":"giftcard-category","embeddable":true,"href":"https:\/\/pilarcontreras.cat\/es\/wp-json\/wp\/v2\/giftcard-category?post=25675"}],"curies":[{"name":"wp","href":"https:\/\/api.w.org\/{rel}","templated":true}]}}