{"id":25676,"date":"2024-09-01T11:00:17","date_gmt":"2024-09-01T11:00:17","guid":{"rendered":"https:\/\/pilarcontreras.cat\/?post_type=product&#038;p=25676"},"modified":"2026-03-20T10:55:59","modified_gmt":"2026-03-20T10:55:59","slug":"primera-consulta-de-alimentacion-ayurveda","status":"publish","type":"product","link":"https:\/\/pilarcontreras.cat\/es\/product\/primera-consulta-de-alimentacion-ayurveda\/","title":{"rendered":"Primera Consulta Ayurveda"},"content":{"rendered":"<p data-start=\"133\" data-end=\"314\">Una sessi\u00f3 pensada per con\u00e8ixer en profunditat el teu estat actual. Explorarem els teus h\u00e0bits alimentaris i el teu estil de vida per crear un pla ayurv\u00e8dic totalment personalitzat.<\/p>\n<p data-start=\"316\" data-end=\"541\">Rebr\u00e0s recomanacions adaptades d\u2019alimentaci\u00f3, rutines di\u00e0ries, tractaments i receptes, amb l\u2019objectiu d\u2019ajudar-te a recuperar l\u2019equilibri, augmentar la teva energia i comen\u00e7ar a transformar el teu benestar des del primer dia.<\/p>\n","protected":false},"excerpt":{"rendered":"<p>Una sessi\u00f3 pensada per con\u00e8ixer en profunditat el teu estat actual. Explorarem els teus h\u00e0bits alimentaris i el teu estil de vida per crear un pla ayurv\u00e8dic totalment personalitzat. Rebr\u00e0s recomanacions adaptades d\u2019alimentaci\u00f3, rutines di\u00e0ries, tractaments i receptes, amb l\u2019objectiu d\u2019ajudar-te a recuperar l\u2019equilibri, augmentar la teva energia i comen\u00e7ar a transformar el teu benestar [&hellip;]<\/p>\n","protected":false},"featured_media":27293,"template":"","meta":[],"product_brand":[],"product_cat":[30,42],"product_tag":[],"giftcard-category":[],"class_list":{"0":"post-25676","1":"product","2":"type-product","3":"status-publish","4":"has-post-thumbnail","6":"product_cat-uncategorized","7":"product_cat-tallers","9":"first","10":"instock","11":"virtual","12":"purchasable","13":"product-type-simple"},"_links":{"self":[{"href":"https:\/\/pilarcontreras.cat\/es\/wp-json\/wp\/v2\/product\/25676","targetHints":{"allow":["GET"]}}],"collection":[{"href":"https:\/\/pilarcontreras.cat\/es\/wp-json\/wp\/v2\/product"}],"about":[{"href":"https:\/\/pilarcontreras.cat\/es\/wp-json\/wp\/v2\/types\/product"}],"wp:featuredmedia":[{"embeddable":true,"href":"https:\/\/pilarcontreras.cat\/es\/wp-json\/wp\/v2\/media\/27293"}],"wp:attachment":[{"href":"https:\/\/pilarcontreras.cat\/es\/wp-json\/wp\/v2\/media?parent=25676"}],"wp:term":[{"taxonomy":"product_brand","embeddable":true,"href":"https:\/\/pilarcontreras.cat\/es\/wp-json\/wp\/v2\/product_brand?post=25676"},{"taxonomy":"product_cat","embeddable":true,"href":"https:\/\/pilarcontreras.cat\/es\/wp-json\/wp\/v2\/product_cat?post=25676"},{"taxonomy":"product_tag","embeddable":true,"href":"https:\/\/pilarcontreras.cat\/es\/wp-json\/wp\/v2\/product_tag?post=25676"},{"taxonomy":"giftcard-category","embeddable":true,"href":"https:\/\/pilarcontreras.cat\/es\/wp-json\/wp\/v2\/giftcard-category?post=25676"}],"curies":[{"name":"wp","href":"https:\/\/api.w.org\/{rel}","templated":true}]}}