{"id":25677,"date":"2025-01-01T12:00:20","date_gmt":"2025-01-01T12:00:20","guid":{"rendered":"https:\/\/pilarcontreras.cat\/?post_type=product&#038;p=25677"},"modified":"2026-03-03T22:03:15","modified_gmt":"2026-03-03T22:03:15","slug":"consulta-de-belleza-natural-ayurveda","status":"publish","type":"product","link":"https:\/\/pilarcontreras.cat\/es\/product\/consulta-de-belleza-natural-ayurveda\/","title":{"rendered":"Consulta de Bellesa Ayurveda"},"content":{"rendered":"<p data-start=\"89\" data-end=\"238\">A l\u2019Ayurveda, la bellesa interior i l\u2019exterior van de la m\u00e0. Quan ens cuidem amb amor i consci\u00e8ncia, la pell reflecteix aquesta harmonia i vitalitat.<\/p>\n<p data-start=\"240\" data-end=\"412\">Descobreix les necessitats del teu tipus de pell i apr\u00e8n a cuidar el rostre, el cabell i el cos amb una rutina personalitzada, creada segons la teva constituci\u00f3 ayurv\u00e8dica.<\/p>\n<p data-start=\"414\" data-end=\"502\">Reserva la teva consulta de bellesa ayurveda i comen\u00e7a a nodrir-te de fora cap endins.<\/p>\n<p data-start=\"504\" data-end=\"589\" data-is-last-node=\"\" data-is-only-node=\"\"><strong>Rebr\u00e0s un obsequi de benvinguda<\/strong> per iniciar la teva nova rutina de cura de la pell. &#x2728;<\/p>\n","protected":false},"excerpt":{"rendered":"<p>A l\u2019Ayurveda, la bellesa interior i l\u2019exterior van de la m\u00e0. Quan ens cuidem amb amor i consci\u00e8ncia, la pell reflecteix aquesta harmonia i vitalitat. Descobreix les necessitats del teu tipus de pell i apr\u00e8n a cuidar el rostre, el cabell i el cos amb una rutina personalitzada, creada segons la teva constituci\u00f3 ayurv\u00e8dica. Reserva [&hellip;]<\/p>\n","protected":false},"featured_media":25805,"template":"","meta":[],"product_brand":[],"product_cat":[30,42],"product_tag":[],"giftcard-category":[],"class_list":{"0":"post-25677","1":"product","2":"type-product","3":"status-publish","4":"has-post-thumbnail","6":"product_cat-uncategorized","7":"product_cat-tallers","9":"first","10":"instock","11":"virtual","12":"purchasable","13":"product-type-simple"},"_links":{"self":[{"href":"https:\/\/pilarcontreras.cat\/es\/wp-json\/wp\/v2\/product\/25677","targetHints":{"allow":["GET"]}}],"collection":[{"href":"https:\/\/pilarcontreras.cat\/es\/wp-json\/wp\/v2\/product"}],"about":[{"href":"https:\/\/pilarcontreras.cat\/es\/wp-json\/wp\/v2\/types\/product"}],"wp:featuredmedia":[{"embeddable":true,"href":"https:\/\/pilarcontreras.cat\/es\/wp-json\/wp\/v2\/media\/25805"}],"wp:attachment":[{"href":"https:\/\/pilarcontreras.cat\/es\/wp-json\/wp\/v2\/media?parent=25677"}],"wp:term":[{"taxonomy":"product_brand","embeddable":true,"href":"https:\/\/pilarcontreras.cat\/es\/wp-json\/wp\/v2\/product_brand?post=25677"},{"taxonomy":"product_cat","embeddable":true,"href":"https:\/\/pilarcontreras.cat\/es\/wp-json\/wp\/v2\/product_cat?post=25677"},{"taxonomy":"product_tag","embeddable":true,"href":"https:\/\/pilarcontreras.cat\/es\/wp-json\/wp\/v2\/product_tag?post=25677"},{"taxonomy":"giftcard-category","embeddable":true,"href":"https:\/\/pilarcontreras.cat\/es\/wp-json\/wp\/v2\/giftcard-category?post=25677"}],"curies":[{"name":"wp","href":"https:\/\/api.w.org\/{rel}","templated":true}]}}