{"id":25678,"date":"2025-11-19T10:00:22","date_gmt":"2025-11-19T10:00:22","guid":{"rendered":"https:\/\/pilarcontreras.cat\/?post_type=product&#038;p=25678"},"modified":"2025-12-19T17:27:58","modified_gmt":"2025-12-19T17:27:58","slug":"sesion-para-el-dolor-osteomuscular-60-min","status":"publish","type":"product","link":"https:\/\/pilarcontreras.cat\/es\/product\/sesion-para-el-dolor-osteomuscular-60-min\/","title":{"rendered":"Sessi\u00f3 per al Dolor Osteomuscular m\u00e8tode Jean Portrat"},"content":{"rendered":"<p>T\u00e8cnica espec\u00edfica per tractar el dolor osteomuscular amb el m\u00e8tode Jean Portrat, per alliberar tensions, alleujar mol\u00e8sties i recuperar una \u00f3ptima mobilitat.<\/p>\n","protected":false},"excerpt":{"rendered":"<p>T\u00e8cnica espec\u00edfica per tractar el dolor osteomuscular amb el m\u00e8tode Jean Portrat, per alliberar tensions, alleujar mol\u00e8sties i recuperar una \u00f3ptima mobilitat.<\/p>\n","protected":false},"featured_media":23594,"template":"","meta":[],"product_brand":[],"product_cat":[30,42],"product_tag":[],"giftcard-category":[],"class_list":{"0":"post-25678","1":"product","2":"type-product","3":"status-publish","4":"has-post-thumbnail","6":"product_cat-uncategorized","7":"product_cat-tallers","9":"first","10":"instock","11":"virtual","12":"purchasable","13":"product-type-simple"},"_links":{"self":[{"href":"https:\/\/pilarcontreras.cat\/es\/wp-json\/wp\/v2\/product\/25678","targetHints":{"allow":["GET"]}}],"collection":[{"href":"https:\/\/pilarcontreras.cat\/es\/wp-json\/wp\/v2\/product"}],"about":[{"href":"https:\/\/pilarcontreras.cat\/es\/wp-json\/wp\/v2\/types\/product"}],"wp:featuredmedia":[{"embeddable":true,"href":"https:\/\/pilarcontreras.cat\/es\/wp-json\/wp\/v2\/media\/23594"}],"wp:attachment":[{"href":"https:\/\/pilarcontreras.cat\/es\/wp-json\/wp\/v2\/media?parent=25678"}],"wp:term":[{"taxonomy":"product_brand","embeddable":true,"href":"https:\/\/pilarcontreras.cat\/es\/wp-json\/wp\/v2\/product_brand?post=25678"},{"taxonomy":"product_cat","embeddable":true,"href":"https:\/\/pilarcontreras.cat\/es\/wp-json\/wp\/v2\/product_cat?post=25678"},{"taxonomy":"product_tag","embeddable":true,"href":"https:\/\/pilarcontreras.cat\/es\/wp-json\/wp\/v2\/product_tag?post=25678"},{"taxonomy":"giftcard-category","embeddable":true,"href":"https:\/\/pilarcontreras.cat\/es\/wp-json\/wp\/v2\/giftcard-category?post=25678"}],"curies":[{"name":"wp","href":"https:\/\/api.w.org\/{rel}","templated":true}]}}