{"id":25749,"date":"2025-11-20T09:00:24","date_gmt":"2025-11-20T09:00:24","guid":{"rendered":"https:\/\/pilarcontreras.cat\/?post_type=product&#038;p=25749"},"modified":"2026-03-20T10:50:05","modified_gmt":"2026-03-20T10:50:05","slug":"programa-detox-online","status":"publish","type":"product","link":"https:\/\/pilarcontreras.cat\/es\/product\/programa-detox-online\/","title":{"rendered":"Programa Detox Online Estacional"},"content":{"rendered":"<p>Un cam\u00ed suau i segur per renovar energia, millorar h\u00e0bits i sentir-te m\u00e9s lleuger amb acompanyament ayurv\u00e8dic i meditaci\u00f3 budista (amb suport sanitari qualificat).<\/p>\n<h3>Dates:<\/h3>\n<p>Classe de Benvinguda:<\/p>\n<p>Inici del programa detox tardor:<\/p>\n<p><strong>M\u00e9s informaci\u00f3<\/strong><\/p>\n<p><a href=\"https:\/\/pilarcontreras.cat\/wp-content\/uploads\/2025\/11\/ONLINE_Presentacion-Detox-Primavera-2026.pdf\">ONLINE_Presentacio\u0301n Detox Primavera 2026<\/a><\/p>\n","protected":false},"excerpt":{"rendered":"<p>Un cam\u00ed suau i segur per renovar energia, millorar h\u00e0bits i sentir-te m\u00e9s lleuger amb acompanyament ayurv\u00e8dic i meditaci\u00f3 budista (amb suport sanitari qualificat). Dates: Classe de Benvinguda: Inici del programa detox tardor: M\u00e9s informaci\u00f3 ONLINE_Presentacio\u0301n Detox Primavera 2026<\/p>\n","protected":false},"featured_media":25747,"template":"","meta":[],"product_brand":[],"product_cat":[30],"product_tag":[],"giftcard-category":[],"class_list":{"0":"post-25749","1":"product","2":"type-product","3":"status-publish","4":"has-post-thumbnail","6":"product_cat-uncategorized","8":"first","9":"instock","10":"virtual","11":"purchasable","12":"product-type-simple"},"_links":{"self":[{"href":"https:\/\/pilarcontreras.cat\/es\/wp-json\/wp\/v2\/product\/25749","targetHints":{"allow":["GET"]}}],"collection":[{"href":"https:\/\/pilarcontreras.cat\/es\/wp-json\/wp\/v2\/product"}],"about":[{"href":"https:\/\/pilarcontreras.cat\/es\/wp-json\/wp\/v2\/types\/product"}],"wp:featuredmedia":[{"embeddable":true,"href":"https:\/\/pilarcontreras.cat\/es\/wp-json\/wp\/v2\/media\/25747"}],"wp:attachment":[{"href":"https:\/\/pilarcontreras.cat\/es\/wp-json\/wp\/v2\/media?parent=25749"}],"wp:term":[{"taxonomy":"product_brand","embeddable":true,"href":"https:\/\/pilarcontreras.cat\/es\/wp-json\/wp\/v2\/product_brand?post=25749"},{"taxonomy":"product_cat","embeddable":true,"href":"https:\/\/pilarcontreras.cat\/es\/wp-json\/wp\/v2\/product_cat?post=25749"},{"taxonomy":"product_tag","embeddable":true,"href":"https:\/\/pilarcontreras.cat\/es\/wp-json\/wp\/v2\/product_tag?post=25749"},{"taxonomy":"giftcard-category","embeddable":true,"href":"https:\/\/pilarcontreras.cat\/es\/wp-json\/wp\/v2\/giftcard-category?post=25749"}],"curies":[{"name":"wp","href":"https:\/\/api.w.org\/{rel}","templated":true}]}}