{"id":27404,"date":"2025-01-02T09:00:13","date_gmt":"2025-01-02T09:00:13","guid":{"rendered":"https:\/\/pilarcontreras.cat\/?post_type=product&#038;p=27404"},"modified":"2025-12-26T10:40:49","modified_gmt":"2025-12-26T10:40:49","slug":"sesion-para-el-dolor-osteomuscular-60-min-copia","status":"publish","type":"product","link":"https:\/\/pilarcontreras.cat\/es\/product\/sesion-para-el-dolor-osteomuscular-60-min-copia\/","title":{"rendered":"Massatge Abhyanga per a la cura de la dona"},"content":{"rendered":"<p>Massatge ayurv\u00e8dic corporal, realitzat amb olis tebis que equilibra els doshas (biotips energ\u00e8tics), afavoreix la vitalitat femenina i aporta una relaxaci\u00f3 profunda, nutrici\u00f3 cel.lular i benestar emocional.<\/p>\n","protected":false},"excerpt":{"rendered":"<p>Massatge ayurv\u00e8dic corporal, realitzat amb olis tebis que equilibra els doshas (biotips energ\u00e8tics), afavoreix la vitalitat femenina i aporta una relaxaci\u00f3 profunda, nutrici\u00f3 cel.lular i benestar emocional.<\/p>\n","protected":false},"featured_media":27935,"template":"","meta":[],"product_brand":[],"product_cat":[30,42],"product_tag":[],"giftcard-category":[],"class_list":{"0":"post-27404","1":"product","2":"type-product","3":"status-publish","4":"has-post-thumbnail","6":"product_cat-uncategorized","7":"product_cat-tallers","9":"first","10":"instock","11":"virtual","12":"purchasable","13":"product-type-simple"},"_links":{"self":[{"href":"https:\/\/pilarcontreras.cat\/es\/wp-json\/wp\/v2\/product\/27404","targetHints":{"allow":["GET"]}}],"collection":[{"href":"https:\/\/pilarcontreras.cat\/es\/wp-json\/wp\/v2\/product"}],"about":[{"href":"https:\/\/pilarcontreras.cat\/es\/wp-json\/wp\/v2\/types\/product"}],"wp:featuredmedia":[{"embeddable":true,"href":"https:\/\/pilarcontreras.cat\/es\/wp-json\/wp\/v2\/media\/27935"}],"wp:attachment":[{"href":"https:\/\/pilarcontreras.cat\/es\/wp-json\/wp\/v2\/media?parent=27404"}],"wp:term":[{"taxonomy":"product_brand","embeddable":true,"href":"https:\/\/pilarcontreras.cat\/es\/wp-json\/wp\/v2\/product_brand?post=27404"},{"taxonomy":"product_cat","embeddable":true,"href":"https:\/\/pilarcontreras.cat\/es\/wp-json\/wp\/v2\/product_cat?post=27404"},{"taxonomy":"product_tag","embeddable":true,"href":"https:\/\/pilarcontreras.cat\/es\/wp-json\/wp\/v2\/product_tag?post=27404"},{"taxonomy":"giftcard-category","embeddable":true,"href":"https:\/\/pilarcontreras.cat\/es\/wp-json\/wp\/v2\/giftcard-category?post=27404"}],"curies":[{"name":"wp","href":"https:\/\/api.w.org\/{rel}","templated":true}]}}