{"id":27676,"date":"2025-01-01T11:00:46","date_gmt":"2025-01-01T11:00:46","guid":{"rendered":"https:\/\/pilarcontreras.cat\/?post_type=product&#038;p=27676"},"modified":"2026-03-20T10:52:11","modified_gmt":"2026-03-20T10:52:11","slug":"consulta-de-seguiment-ayurveda","status":"publish","type":"product","link":"https:\/\/pilarcontreras.cat\/es\/product\/consulta-de-seguiment-ayurveda\/","title":{"rendered":"Consultes de seguiment"},"content":{"rendered":"<p>Un espai per revisar la teva evoluci\u00f3, ajustar el pla personalitzat i acompanyar-te en la integraci\u00f3 dels h\u00e0bits, alimentaci\u00f3 i rutines de cura segons la teva constituci\u00f3 ayurv\u00e8dica \u00abpakrutti\u00bbo desequilibri \u00abvikrutti\u00bb.<\/p>\n","protected":false},"excerpt":{"rendered":"<p>Un espai per revisar la teva evoluci\u00f3, ajustar el pla personalitzat i acompanyar-te en la integraci\u00f3 dels h\u00e0bits, alimentaci\u00f3 i rutines de cura segons la teva constituci\u00f3 ayurv\u00e8dica \u00abpakrutti\u00bbo desequilibri \u00abvikrutti\u00bb.<\/p>\n","protected":false},"featured_media":25807,"template":"","meta":[],"product_brand":[],"product_cat":[30],"product_tag":[],"giftcard-category":[],"class_list":{"0":"post-27676","1":"product","2":"type-product","3":"status-publish","4":"has-post-thumbnail","6":"product_cat-uncategorized","8":"first","9":"instock","10":"shipping-taxable","11":"purchasable","12":"product-type-simple"},"_links":{"self":[{"href":"https:\/\/pilarcontreras.cat\/es\/wp-json\/wp\/v2\/product\/27676","targetHints":{"allow":["GET"]}}],"collection":[{"href":"https:\/\/pilarcontreras.cat\/es\/wp-json\/wp\/v2\/product"}],"about":[{"href":"https:\/\/pilarcontreras.cat\/es\/wp-json\/wp\/v2\/types\/product"}],"wp:featuredmedia":[{"embeddable":true,"href":"https:\/\/pilarcontreras.cat\/es\/wp-json\/wp\/v2\/media\/25807"}],"wp:attachment":[{"href":"https:\/\/pilarcontreras.cat\/es\/wp-json\/wp\/v2\/media?parent=27676"}],"wp:term":[{"taxonomy":"product_brand","embeddable":true,"href":"https:\/\/pilarcontreras.cat\/es\/wp-json\/wp\/v2\/product_brand?post=27676"},{"taxonomy":"product_cat","embeddable":true,"href":"https:\/\/pilarcontreras.cat\/es\/wp-json\/wp\/v2\/product_cat?post=27676"},{"taxonomy":"product_tag","embeddable":true,"href":"https:\/\/pilarcontreras.cat\/es\/wp-json\/wp\/v2\/product_tag?post=27676"},{"taxonomy":"giftcard-category","embeddable":true,"href":"https:\/\/pilarcontreras.cat\/es\/wp-json\/wp\/v2\/giftcard-category?post=27676"}],"curies":[{"name":"wp","href":"https:\/\/api.w.org\/{rel}","templated":true}]}}