{"id":30783,"date":"2025-11-18T22:47:29","date_gmt":"2025-11-18T22:47:29","guid":{"rendered":"https:\/\/pilarcontreras.cat\/?post_type=product&#038;p=30783"},"modified":"2025-12-26T10:38:06","modified_gmt":"2025-12-26T10:38:06","slug":"tractament-shirodhara","status":"publish","type":"product","link":"https:\/\/pilarcontreras.cat\/es\/product\/tractament-shirodhara\/","title":{"rendered":"Tractament Shirodhara"},"content":{"rendered":"<p data-start=\"37\" data-end=\"374\"><strong data-start=\"37\" data-end=\"51\">Shirodhara<\/strong> \u00e9s un tractament ayurv\u00e8dic profundament relaxant que consisteix en aplicar un flux continu d\u2019oli calent sobre el front. Aquesta t\u00e8cnica ajuda a calmar el sistema nervi\u00f3s i afavoreix una sensaci\u00f3 de benestar f\u00edsic i emocional, sent especialment \u00fatil en situacions d\u2019estr\u00e8s, ansietat, insomni, mal de cap, migranya o fatiga.<\/p>\n<p data-start=\"376\" data-end=\"581\"><strong data-start=\"376\" data-end=\"390\">Important:<\/strong><br data-start=\"390\" data-end=\"393\" \/>Abans del tractament es realitza una <strong data-start=\"430\" data-end=\"473\">consulta pr\u00e8via<\/strong>, <strong data-start=\"475\" data-end=\"497\">inclosa en el preu<\/strong>, per valorar l\u2019estat de la persona i adaptar el Shirodhara a les seves necessitats.<\/p>\n","protected":false},"excerpt":{"rendered":"<p>Shirodhara \u00e9s un tractament ayurv\u00e8dic profundament relaxant que consisteix en aplicar un flux continu d\u2019oli calent sobre el front. Aquesta t\u00e8cnica ajuda a calmar el sistema nervi\u00f3s i afavoreix una sensaci\u00f3 de benestar f\u00edsic i emocional, sent especialment \u00fatil en situacions d\u2019estr\u00e8s, ansietat, insomni, mal de cap, migranya o fatiga. Important:Abans del tractament es realitza [&hellip;]<\/p>\n","protected":false},"featured_media":29101,"template":"","meta":[],"product_brand":[],"product_cat":[30],"product_tag":[],"giftcard-category":[],"class_list":{"0":"post-30783","1":"product","2":"type-product","3":"status-publish","4":"has-post-thumbnail","6":"product_cat-uncategorized","8":"first","9":"instock","10":"shipping-taxable","11":"purchasable","12":"product-type-simple"},"_links":{"self":[{"href":"https:\/\/pilarcontreras.cat\/es\/wp-json\/wp\/v2\/product\/30783","targetHints":{"allow":["GET"]}}],"collection":[{"href":"https:\/\/pilarcontreras.cat\/es\/wp-json\/wp\/v2\/product"}],"about":[{"href":"https:\/\/pilarcontreras.cat\/es\/wp-json\/wp\/v2\/types\/product"}],"wp:featuredmedia":[{"embeddable":true,"href":"https:\/\/pilarcontreras.cat\/es\/wp-json\/wp\/v2\/media\/29101"}],"wp:attachment":[{"href":"https:\/\/pilarcontreras.cat\/es\/wp-json\/wp\/v2\/media?parent=30783"}],"wp:term":[{"taxonomy":"product_brand","embeddable":true,"href":"https:\/\/pilarcontreras.cat\/es\/wp-json\/wp\/v2\/product_brand?post=30783"},{"taxonomy":"product_cat","embeddable":true,"href":"https:\/\/pilarcontreras.cat\/es\/wp-json\/wp\/v2\/product_cat?post=30783"},{"taxonomy":"product_tag","embeddable":true,"href":"https:\/\/pilarcontreras.cat\/es\/wp-json\/wp\/v2\/product_tag?post=30783"},{"taxonomy":"giftcard-category","embeddable":true,"href":"https:\/\/pilarcontreras.cat\/es\/wp-json\/wp\/v2\/giftcard-category?post=30783"}],"curies":[{"name":"wp","href":"https:\/\/api.w.org\/{rel}","templated":true}]}}